{"id":18842,"date":"2024-07-18T15:22:38","date_gmt":"2024-07-18T15:22:38","guid":{"rendered":"https:\/\/qreativ.se\/produkt\/treasure-fat-tra-monster\/"},"modified":"2026-02-13T09:30:47","modified_gmt":"2026-02-13T09:30:47","slug":"treasure-fat-tra-monster","status":"publish","type":"product","link":"https:\/\/qreativ.se\/dk\/produkt\/treasure-fat-tra-monster\/","title":{"rendered":"Runt Dekorationsfat Tr\u00e4 Vintage &#8211; Treasure"},"content":{"rendered":"<h3 data-start=\"0\" data-end=\"67\"><strong data-start=\"4\" data-end=\"65\">Treasure \u2013 Unika vintage-fat i handsnidad teak<\/strong><\/h3>\n<p data-start=\"69\" data-end=\"390\">Uppt\u00e4ck\u00a0<strong data-start=\"77\" data-end=\"93\">Treasure fat<\/strong>, en kollektion av vackra\u00a0<strong data-start=\"119\" data-end=\"141\">vintage chapatifat<\/strong>\u00a0i\u00a0<strong data-start=\"144\" data-end=\"163\">handsnidad teak<\/strong>. Dessa unika fat har en rik historia och har tidigare anv\u00e4nts f\u00f6r att baka traditionellt indiskt chapati-br\u00f6d. Med sin detaljerade snidade dekoration och naturliga patina blir varje fat en\u00a0<strong data-start=\"353\" data-end=\"387\">one-of-a-kind inredningsdetalj<\/strong>.<\/p>\n<h3 data-start=\"392\" data-end=\"424\"><strong data-start=\"396\" data-end=\"422\">Egenskaper &amp; F\u00f6rdelar:<\/strong><\/h3>\n<ul data-start=\"425\" data-end=\"931\">\n<li data-start=\"425\" data-end=\"497\"><strong data-start=\"427\" data-end=\"451\">Handsnidade detaljer<\/strong>\u00a0\u2013 Varje fat har unika m\u00f6nster och karakt\u00e4r.<\/li>\n<li data-start=\"498\" data-end=\"589\"><strong data-start=\"500\" data-end=\"530\">Tillverkade av gammal teak<\/strong>\u00a0\u2013 Ett h\u00e5llbart och slitstarkt tr\u00e4slag med vacker \u00e5dring.<\/li>\n<li><strong data-start=\"592\" data-end=\"634\">Finns i olika storlekar och utf\u00f6randen<\/strong>\u00a0\u2013 Perfekt att anv\u00e4nda som\u00a0<strong data-start=\"661\" data-end=\"707\">dekoration, ljusfat eller serveringsbricka<\/strong>.<\/li>\n<li data-start=\"711\" data-end=\"826\"><strong data-start=\"713\" data-end=\"744\">Vintage och unika produkter<\/strong>\u00a0\u2013 Inga fat \u00e4r exakt likadana, vilket ger en personlig touch till din inredning.<\/li>\n<li data-start=\"827\" data-end=\"931\"><strong data-start=\"829\" data-end=\"848\">Naturlig patina<\/strong>\u00a0\u2013 Det slitna utseendet och de autentiska detaljerna bidrar till en rustik charm.<\/li>\n<\/ul>\n<p data-start=\"933\" data-end=\"1168\">Treasure-faten passar perfekt i\u00a0<strong data-start=\"965\" data-end=\"1014\">bohemisk, rustik eller skandinavisk inredning<\/strong>\u00a0och ger en autentisk vintage-k\u00e4nsla i ditt hem.<\/p>\n","protected":false},"excerpt":{"rendered":"<p>Best\u00e4ll ditt Treasure fat idag och l\u00e5t ett stycke historia bli en del av din inredning!<\/p>\n<p>S\u00e4ljs styckvis!<\/p>\n","protected":false},"featured_media":18843,"comment_status":"closed","ping_status":"closed","template":"","meta":{"_acf_changed":false,"inline_featured_image":false},"product_brand":[],"product_cat":[223,225,270],"product_tag":[286],"class_list":{"0":"post-18842","1":"product","2":"type-product","3":"status-publish","4":"has-post-thumbnail","6":"product_cat-indretning-dekorationer","7":"product_cat-ovrigt","8":"product_cat-unik-vintage-indretning","9":"product_tag-easytoship","11":"first","12":"instock","13":"taxable","14":"shipping-taxable","15":"purchasable","16":"product-type-simple"},"acf":[],"yoast_head":"<!-- This site is optimized with the Yoast SEO plugin v27.4 - https:\/\/yoast.com\/product\/yoast-seo-wordpress\/ -->\n<title>Runt Dekorationsfat Tr\u00e4 Vintage - Treasure - Qreativ<\/title>\n<meta name=\"robots\" content=\"index, follow, max-snippet:-1, max-image-preview:large, max-video-preview:-1\" \/>\n<link rel=\"canonical\" href=\"https:\/\/qreativ.se\/dk\/produkt\/treasure-fat-tra-monster\/\" \/>\n<meta property=\"og:locale\" content=\"da_DK\" \/>\n<meta property=\"og:type\" content=\"article\" \/>\n<meta property=\"og:title\" content=\"Runt Dekorationsfat Tr\u00e4 Vintage - Treasure - Qreativ\" \/>\n<meta property=\"og:description\" content=\"Best\u00e4ll ditt Treasure fat idag och l\u00e5t ett stycke historia bli en del av din inredning!  S\u00e4ljs styckvis!\" \/>\n<meta property=\"og:url\" content=\"https:\/\/qreativ.se\/dk\/produkt\/treasure-fat-tra-monster\/\" \/>\n<meta property=\"og:site_name\" content=\"Qreativ\" \/>\n<meta property=\"article:modified_time\" content=\"2026-02-13T09:30:47+00:00\" \/>\n<meta property=\"og:image\" content=\"https:\/\/qreativ.se\/wp-content\/uploads\/2024\/05\/076-505-00.png\" \/>\n\t<meta property=\"og:image:width\" content=\"720\" \/>\n\t<meta property=\"og:image:height\" content=\"720\" \/>\n\t<meta property=\"og:image:type\" content=\"image\/webp\" \/>\n<meta name=\"twitter:card\" content=\"summary_large_image\" \/>\n<meta name=\"twitter:label1\" content=\"Estimeret l\u00e6setid\" \/>\n\t<meta name=\"twitter:data1\" content=\"1 minut\" \/>\n<script type=\"application\/ld+json\" class=\"yoast-schema-graph\">{\"@context\":\"https:\\\/\\\/schema.org\",\"@graph\":[{\"@type\":\"WebPage\",\"@id\":\"https:\\\/\\\/qreativ.se\\\/dk\\\/produkt\\\/treasure-fat-tra-monster\\\/\",\"url\":\"https:\\\/\\\/qreativ.se\\\/dk\\\/produkt\\\/treasure-fat-tra-monster\\\/\",\"name\":\"Runt Dekorationsfat Tr\u00e4 Vintage - Treasure - Qreativ\",\"isPartOf\":{\"@id\":\"https:\\\/\\\/qreativ.se\\\/dk\\\/#website\"},\"primaryImageOfPage\":{\"@id\":\"https:\\\/\\\/qreativ.se\\\/dk\\\/produkt\\\/treasure-fat-tra-monster\\\/#primaryimage\"},\"image\":{\"@id\":\"https:\\\/\\\/qreativ.se\\\/dk\\\/produkt\\\/treasure-fat-tra-monster\\\/#primaryimage\"},\"thumbnailUrl\":\"https:\\\/\\\/qreativ.se\\\/wp-content\\\/uploads\\\/2024\\\/05\\\/076-505-00.png\",\"datePublished\":\"2024-07-18T15:22:38+00:00\",\"dateModified\":\"2026-02-13T09:30:47+00:00\",\"breadcrumb\":{\"@id\":\"https:\\\/\\\/qreativ.se\\\/dk\\\/produkt\\\/treasure-fat-tra-monster\\\/#breadcrumb\"},\"inLanguage\":\"da-DK\",\"potentialAction\":[{\"@type\":\"ReadAction\",\"target\":[\"https:\\\/\\\/qreativ.se\\\/dk\\\/produkt\\\/treasure-fat-tra-monster\\\/\"]}]},{\"@type\":\"ImageObject\",\"inLanguage\":\"da-DK\",\"@id\":\"https:\\\/\\\/qreativ.se\\\/dk\\\/produkt\\\/treasure-fat-tra-monster\\\/#primaryimage\",\"url\":\"https:\\\/\\\/qreativ.se\\\/wp-content\\\/uploads\\\/2024\\\/05\\\/076-505-00.png\",\"contentUrl\":\"https:\\\/\\\/qreativ.se\\\/wp-content\\\/uploads\\\/2024\\\/05\\\/076-505-00.png\",\"width\":720,\"height\":720},{\"@type\":\"BreadcrumbList\",\"@id\":\"https:\\\/\\\/qreativ.se\\\/dk\\\/produkt\\\/treasure-fat-tra-monster\\\/#breadcrumb\",\"itemListElement\":[{\"@type\":\"ListItem\",\"position\":1,\"name\":\"Home\",\"item\":\"https:\\\/\\\/qreativ.se\\\/dk\\\/hjem\\\/\"},{\"@type\":\"ListItem\",\"position\":2,\"name\":\"Webbshop\",\"item\":\"https:\\\/\\\/qreativ.se\\\/dk\\\/webbshop\\\/\"},{\"@type\":\"ListItem\",\"position\":3,\"name\":\"Runt Dekorationsfat Tr\u00e4 Vintage &#8211; Treasure\"}]},{\"@type\":\"WebSite\",\"@id\":\"https:\\\/\\\/qreativ.se\\\/dk\\\/#website\",\"url\":\"https:\\\/\\\/qreativ.se\\\/dk\\\/\",\"name\":\"Qreativ\",\"description\":\"\",\"alternateName\":\"qreativ.se\",\"potentialAction\":[{\"@type\":\"SearchAction\",\"target\":{\"@type\":\"EntryPoint\",\"urlTemplate\":\"https:\\\/\\\/qreativ.se\\\/dk\\\/?s={search_term_string}\"},\"query-input\":{\"@type\":\"PropertyValueSpecification\",\"valueRequired\":true,\"valueName\":\"search_term_string\"}}],\"inLanguage\":\"da-DK\"}]}<\/script>\n<!-- \/ Yoast SEO plugin. -->","yoast_head_json":{"title":"Runt Dekorationsfat Tr\u00e4 Vintage - Treasure - Qreativ","robots":{"index":"index","follow":"follow","max-snippet":"max-snippet:-1","max-image-preview":"max-image-preview:large","max-video-preview":"max-video-preview:-1"},"canonical":"https:\/\/qreativ.se\/dk\/produkt\/treasure-fat-tra-monster\/","og_locale":"da_DK","og_type":"article","og_title":"Runt Dekorationsfat Tr\u00e4 Vintage - Treasure - Qreativ","og_description":"Best\u00e4ll ditt Treasure fat idag och l\u00e5t ett stycke historia bli en del av din inredning!  S\u00e4ljs styckvis!","og_url":"https:\/\/qreativ.se\/dk\/produkt\/treasure-fat-tra-monster\/","og_site_name":"Qreativ","article_modified_time":"2026-02-13T09:30:47+00:00","og_image":[{"width":720,"height":720,"url":"https:\/\/qreativ.se\/wp-content\/uploads\/2024\/05\/076-505-00.png","type":"image\/webp"}],"twitter_card":"summary_large_image","twitter_misc":{"Estimeret l\u00e6setid":"1 minut"},"schema":{"@context":"https:\/\/schema.org","@graph":[{"@type":"WebPage","@id":"https:\/\/qreativ.se\/dk\/produkt\/treasure-fat-tra-monster\/","url":"https:\/\/qreativ.se\/dk\/produkt\/treasure-fat-tra-monster\/","name":"Runt Dekorationsfat Tr\u00e4 Vintage - Treasure - Qreativ","isPartOf":{"@id":"https:\/\/qreativ.se\/dk\/#website"},"primaryImageOfPage":{"@id":"https:\/\/qreativ.se\/dk\/produkt\/treasure-fat-tra-monster\/#primaryimage"},"image":{"@id":"https:\/\/qreativ.se\/dk\/produkt\/treasure-fat-tra-monster\/#primaryimage"},"thumbnailUrl":"https:\/\/qreativ.se\/wp-content\/uploads\/2024\/05\/076-505-00.png","datePublished":"2024-07-18T15:22:38+00:00","dateModified":"2026-02-13T09:30:47+00:00","breadcrumb":{"@id":"https:\/\/qreativ.se\/dk\/produkt\/treasure-fat-tra-monster\/#breadcrumb"},"inLanguage":"da-DK","potentialAction":[{"@type":"ReadAction","target":["https:\/\/qreativ.se\/dk\/produkt\/treasure-fat-tra-monster\/"]}]},{"@type":"ImageObject","inLanguage":"da-DK","@id":"https:\/\/qreativ.se\/dk\/produkt\/treasure-fat-tra-monster\/#primaryimage","url":"https:\/\/qreativ.se\/wp-content\/uploads\/2024\/05\/076-505-00.png","contentUrl":"https:\/\/qreativ.se\/wp-content\/uploads\/2024\/05\/076-505-00.png","width":720,"height":720},{"@type":"BreadcrumbList","@id":"https:\/\/qreativ.se\/dk\/produkt\/treasure-fat-tra-monster\/#breadcrumb","itemListElement":[{"@type":"ListItem","position":1,"name":"Home","item":"https:\/\/qreativ.se\/dk\/hjem\/"},{"@type":"ListItem","position":2,"name":"Webbshop","item":"https:\/\/qreativ.se\/dk\/webbshop\/"},{"@type":"ListItem","position":3,"name":"Runt Dekorationsfat Tr\u00e4 Vintage &#8211; Treasure"}]},{"@type":"WebSite","@id":"https:\/\/qreativ.se\/dk\/#website","url":"https:\/\/qreativ.se\/dk\/","name":"Qreativ","description":"","alternateName":"qreativ.se","potentialAction":[{"@type":"SearchAction","target":{"@type":"EntryPoint","urlTemplate":"https:\/\/qreativ.se\/dk\/?s={search_term_string}"},"query-input":{"@type":"PropertyValueSpecification","valueRequired":true,"valueName":"search_term_string"}}],"inLanguage":"da-DK"}]}},"_links":{"self":[{"href":"https:\/\/qreativ.se\/dk\/wp-json\/wp\/v2\/product\/18842","targetHints":{"allow":["GET"]}}],"collection":[{"href":"https:\/\/qreativ.se\/dk\/wp-json\/wp\/v2\/product"}],"about":[{"href":"https:\/\/qreativ.se\/dk\/wp-json\/wp\/v2\/types\/product"}],"replies":[{"embeddable":true,"href":"https:\/\/qreativ.se\/dk\/wp-json\/wp\/v2\/comments?post=18842"}],"wp:featuredmedia":[{"embeddable":true,"href":"https:\/\/qreativ.se\/dk\/wp-json\/wp\/v2\/media\/18843"}],"wp:attachment":[{"href":"https:\/\/qreativ.se\/dk\/wp-json\/wp\/v2\/media?parent=18842"}],"wp:term":[{"taxonomy":"product_brand","embeddable":true,"href":"https:\/\/qreativ.se\/dk\/wp-json\/wp\/v2\/product_brand?post=18842"},{"taxonomy":"product_cat","embeddable":true,"href":"https:\/\/qreativ.se\/dk\/wp-json\/wp\/v2\/product_cat?post=18842"},{"taxonomy":"product_tag","embeddable":true,"href":"https:\/\/qreativ.se\/dk\/wp-json\/wp\/v2\/product_tag?post=18842"}],"curies":[{"name":"wp","href":"https:\/\/api.w.org\/{rel}","templated":true}]}}